{"id":8201,"date":"2022-10-16T10:55:21","date_gmt":"2022-10-16T07:55:21","guid":{"rendered":"https:\/\/mayrek.com.tr\/our-brands\/"},"modified":"2023-01-16T19:16:19","modified_gmt":"2023-01-16T16:16:19","slug":"our-brands","status":"publish","type":"page","link":"https:\/\/mayrek.com.tr\/en\/our-brands\/","title":{"rendered":"Our Brands"},"content":{"rendered":"<p>[vc_row full_width=&#8221;stretch_row&#8221; css=&#8221;.vc_custom_1666572715187{padding-top: 100px !important;padding-bottom: 100px !important;background-color: #ededed !important;background-position: center !important;background-repeat: no-repeat !important;background-size: cover !important;}&#8221; el_class=&#8221;under-menu-topbar&#8221;][vc_column offset=&#8221;vc_col-lg-offset-0 vc_col-md-offset-0 vc_col-sm-offset-0 vc_col-xs-offset-2 vc_col-xs-8&#8243;]<header class=\"kd-section-title vc_col-lg-6 vc_col-sm-8 text-center     vc_custom_1672398038615\" ><h1 class=\"separator_off\" >Our Brands<\/h1><\/header>[\/vc_column][\/vc_row][vc_row][vc_column]<header class=\"kd-section-title col-lg-12 text-center     vc_custom_1672400152074\" ><h1 class=\"separator_off\" >Which areas do we make a difference with our innovative brands?<\/h1><h6 class=\"subtitle \" >We are here to make a difference in the fields in which we produce products and services! We produce effectively in the outdoor advertising, label &amp; screen printing, lighting products, and garden furniture sectors.<\/h6><\/header>[vc_empty_space height=&#8221;50px&#8221;][\/vc_column][\/vc_row][vc_row][vc_column width=&#8221;1\/2&#8243;][vc_single_image image=&#8221;8238&#8243; img_size=&#8221;full&#8221; alignment=&#8221;center&#8221;][vc_empty_space height=&#8221;100px&#8221;][\/vc_column][vc_column width=&#8221;1\/2&#8243;][vc_column_text]In the outdoor advertising area, we provide store signage, totem signage, city signs, indoor &amp; outdoor signage, digital printing, vehicle dressing, product stand for fairs and exhibition systems. With our original and modern design works, we contribute to the corporate identity of your brand and create a visual perception that attracts the attention of consumers.[\/vc_column_text]<a  href=\"https:\/\/mayrek.com.tr\/en\/mayrek-reklam-outdoor-advertising\/\"  target=\"_self\"  title=\"Mayrek Reklam | Outdoor Advertising\" class=\"tt_button tt_secondary_button btn_primary_color  pull-left button-action-link icon_left\" ><span class=\"fas fa-angle-right iconita\"><\/span><span class=\"prim_text\">Review<\/span><\/a>[\/vc_column][\/vc_row][vc_row][vc_column width=&#8221;1\/2&#8243;][vc_single_image image=&#8221;8236&#8243; img_size=&#8221;full&#8221; alignment=&#8221;center&#8221;][\/vc_column][vc_column width=&#8221;1\/2&#8243;][vc_column_text]Within the scope of our label &amp; screen printing services, we produce transparent\/opaque labels, acid etched labels, lexan labels, aluminum labels and chrome labels. Our labels, which are produced with high material quality, do not corrode or erase for many years.[\/vc_column_text]<a  href=\"https:\/\/mayrek.com.tr\/en\/mayrek-label-screen-printing\/\"  target=\"_self\"  title=\"Mayrek Label &amp; Screen Printing\" class=\"tt_button tt_secondary_button btn_primary_color  pull-left button-action-link icon_left\" ><span class=\"fas fa-angle-right iconita\"><\/span><span class=\"prim_text\">Review<\/span><\/a>[\/vc_column][\/vc_row][vc_row][vc_column width=&#8221;1\/2&#8243;][vc_empty_space height=&#8221;100px&#8221;][vc_single_image image=&#8221;8177&#8243; img_size=&#8221;full&#8221; alignment=&#8221;center&#8221;][\/vc_column][vc_column width=&#8221;1\/2&#8243;][vc_empty_space height=&#8221;100px&#8221;][vc_column_text]<\/p>\n<div>Mayrek A.\u015e. kurulu\u015fu olan FoneLight Technologies, ayd\u0131nlatma sistemleri sekt\u00f6r\u00fcnde faaliyet g\u00f6stermektedir. FoneLight; bah\u00e7e ayd\u0131nlatmas\u0131, peyzaj ayd\u0131nlatmas\u0131, sokak ayd\u0131nlatmas\u0131, duvar ayd\u0131nlatmas\u0131, set \u00fcst\u00fc ayd\u0131nlatmas\u0131, \u00e7im \u00fcst\u00fc ayd\u0131nlatmas\u0131 ve ayd\u0131nlatma direkleri \u00fcretmektedir. T\u00fcm \u00fcr\u00fcnler modern bir tasar\u0131ma sahip, al\u00fcminyum g\u00f6vdeli, LED lambal\u0131, su ge\u00e7irmez ve enerji tasarrufu \u00f6zelli\u011fine sahiptir.<\/div>\n<p>[\/vc_column_text]<a  href=\"https:\/\/www.fonelight.com\/tr\/\"  target=\"_blank\"  title=\"FoneLight Modern Lighting Systems\" class=\"tt_button tt_secondary_button btn_primary_color  pull-left button-action-link icon_left\" ><span class=\"fas fa-angle-right iconita\"><\/span><span class=\"prim_text\">Review<\/span><\/a>[\/vc_column][\/vc_row][vc_row][vc_column width=&#8221;1\/2&#8243;][vc_empty_space height=&#8221;50px&#8221;][vc_single_image image=&#8221;7879&#8243; img_size=&#8221;full&#8221; alignment=&#8221;center&#8221;][\/vc_column][vc_column width=&#8221;1\/2&#8243;][vc_empty_space height=&#8221;100px&#8221;][vc_column_text]<\/p>\n<div>Mayrek A.\u015e.\u2019nin markalar\u0131ndan biri olarak bah\u00e7e mobilyalar\u0131 sekt\u00f6r\u00fcnde faaliyet g\u00f6steren BySquirrel, \u0130zmir\u2019deki \u00fcretim tesisi ve sat\u0131\u015f ma\u011fazas\u0131 ile t\u00fcm T\u00fcrkiye\u2019ye modern, konforlu ve \u015f\u0131k mobilyalar tedarik etmektedir. Her daim moday\u0131 takip eden tasar\u0131mc\u0131lar\u0131m\u0131z ve alan\u0131nda uzman \u00fcretim kadromuz ile kaliteli \u00fcr\u00fcnler sunaca\u011f\u0131m\u0131z\u0131 garanti ediyoruz. \u00dcr\u00fcnler de\u011fi\u015fken d\u0131\u015f mekanlara uyum sa\u011flayan tasar\u0131m\u0131 ve g\u00f6vde yap\u0131s\u0131 ile \u00f6ne \u00e7\u0131kan \u00fcr\u00fcnlerdir. Hi\u00e7bir \u00fcr\u00fcn a\u015f\u0131nma ve korozyon gibi d\u0131\u015f etkenlere maruz kalmas\u0131 durumunda hasar almamaktad\u0131r.<\/div>\n<p>[\/vc_column_text]<a  href=\"https:\/\/bysquirrel.com\/\"  target=\"_blank\"  title=\"BySquirrel | Garden Concept\" class=\"tt_button tt_secondary_button btn_primary_color  pull-left button-action-link icon_left\" ><span class=\"fas fa-angle-right iconita\"><\/span><span class=\"prim_text\">Review<\/span><\/a>[\/vc_column][\/vc_row][vc_row][vc_column width=&#8221;1\/2&#8243;][vc_single_image image=&#8221;8174&#8243; img_size=&#8221;full&#8221; alignment=&#8221;center&#8221;][\/vc_column][vc_column width=&#8221;1\/2&#8243;][vc_empty_space height=&#8221;100px&#8221;][vc_column_text]You can shop online through our brand e-senal.net, which offers its customers safe and easy shopping opportunities in the e-commerce sector.[\/vc_column_text]<a  href=\"http:\/\/e-senal.net\/\"  target=\"_blank\"  title=\"e-senal.net | Online Shopping\" class=\"tt_button tt_secondary_button btn_primary_color  pull-left button-action-link icon_left\" ><span class=\"fas fa-angle-right iconita\"><\/span><span class=\"prim_text\">Shop Now<\/span><\/a>[\/vc_column][\/vc_row]<\/p>\n","protected":false},"excerpt":{"rendered":"<p>[vc_row full_width=&#8221;stretch_row&#8221; css=&#8221;.vc_custom_1666572715187{padding-top: 100px !important;padding-bottom: 100px !important;background-color: #ededed !important;background-position: center !important;background-repeat: no-repeat !important;background-size: cover !important;}&#8221; el_class=&#8221;under-menu-topbar&#8221;][vc_column offset=&#8221;vc_col-lg-offset-0 vc_col-md-offset-0 vc_col-sm-offset-0 vc_col-xs-offset-2 [&hellip;]<\/p>\n","protected":false},"author":1,"featured_media":0,"parent":0,"menu_order":0,"comment_status":"closed","ping_status":"closed","template":"","meta":{"footnotes":""},"class_list":["post-8201","page","type-page","status-publish","hentry"],"yoast_head":"<!-- This site is optimized with the Yoast SEO plugin v26.8 - https:\/\/yoast.com\/product\/yoast-seo-wordpress\/ -->\n<title>Our Brands - Mayrek Inc<\/title>\n<meta name=\"description\" content=\"Discover our innovative brands in outdoor advertising, label &amp; screen printing, modern lighting products, modern garden furniture and e-commerce sectors.\" \/>\n<meta name=\"robots\" content=\"index, follow, max-snippet:-1, max-image-preview:large, max-video-preview:-1\" \/>\n<link rel=\"canonical\" href=\"https:\/\/mayrek.com.tr\/en\/our-brands\/\" \/>\n<meta property=\"og:locale\" content=\"en_US\" \/>\n<meta property=\"og:type\" content=\"article\" \/>\n<meta property=\"og:title\" content=\"Our Brands - Mayrek Inc\" \/>\n<meta property=\"og:description\" content=\"Discover our innovative brands in outdoor advertising, label &amp; screen printing, modern lighting products, modern garden furniture and e-commerce sectors.\" \/>\n<meta property=\"og:url\" content=\"https:\/\/mayrek.com.tr\/en\/our-brands\/\" \/>\n<meta property=\"og:site_name\" content=\"Mayrek Inc\" \/>\n<meta property=\"article:publisher\" content=\"https:\/\/www.facebook.com\/mayrek.AS\/\" \/>\n<meta property=\"article:modified_time\" content=\"2023-01-16T16:16:19+00:00\" \/>\n<meta name=\"twitter:card\" content=\"summary_large_image\" \/>\n<meta name=\"twitter:site\" content=\"@mayrek_as\" \/>\n<meta name=\"twitter:label1\" content=\"Est. reading time\" \/>\n\t<meta name=\"twitter:data1\" content=\"5 minutes\" \/>\n<script type=\"application\/ld+json\" class=\"yoast-schema-graph\">{\"@context\":\"https:\/\/schema.org\",\"@graph\":[{\"@type\":\"WebPage\",\"@id\":\"https:\/\/mayrek.com.tr\/en\/our-brands\/\",\"url\":\"https:\/\/mayrek.com.tr\/en\/our-brands\/\",\"name\":\"Our Brands - Mayrek Inc\",\"isPartOf\":{\"@id\":\"https:\/\/mayrek.com.tr\/#website\"},\"datePublished\":\"2022-10-16T07:55:21+00:00\",\"dateModified\":\"2023-01-16T16:16:19+00:00\",\"description\":\"Discover our innovative brands in outdoor advertising, label & screen printing, modern lighting products, modern garden furniture and e-commerce sectors.\",\"breadcrumb\":{\"@id\":\"https:\/\/mayrek.com.tr\/en\/our-brands\/#breadcrumb\"},\"inLanguage\":\"en-US\",\"potentialAction\":[{\"@type\":\"ReadAction\",\"target\":[\"https:\/\/mayrek.com.tr\/en\/our-brands\/\"]}]},{\"@type\":\"BreadcrumbList\",\"@id\":\"https:\/\/mayrek.com.tr\/en\/our-brands\/#breadcrumb\",\"itemListElement\":[{\"@type\":\"ListItem\",\"position\":1,\"name\":\"Anasayfa\",\"item\":\"https:\/\/mayrek.com.tr\/en\/\"},{\"@type\":\"ListItem\",\"position\":2,\"name\":\"Our Brands\"}]},{\"@type\":\"WebSite\",\"@id\":\"https:\/\/mayrek.com.tr\/#website\",\"url\":\"https:\/\/mayrek.com.tr\/\",\"name\":\"Mayrek Inc\",\"description\":\"\u0130zmir Outdoor Advertising Services\",\"publisher\":{\"@id\":\"https:\/\/mayrek.com.tr\/#organization\"},\"potentialAction\":[{\"@type\":\"SearchAction\",\"target\":{\"@type\":\"EntryPoint\",\"urlTemplate\":\"https:\/\/mayrek.com.tr\/?s={search_term_string}\"},\"query-input\":{\"@type\":\"PropertyValueSpecification\",\"valueRequired\":true,\"valueName\":\"search_term_string\"}}],\"inLanguage\":\"en-US\"},{\"@type\":\"Organization\",\"@id\":\"https:\/\/mayrek.com.tr\/#organization\",\"name\":\"Mayrek Inc\",\"url\":\"https:\/\/mayrek.com.tr\/\",\"logo\":{\"@type\":\"ImageObject\",\"inLanguage\":\"en-US\",\"@id\":\"https:\/\/mayrek.com.tr\/#\/schema\/logo\/image\/\",\"url\":\"https:\/\/mayrek.com.tr\/wp-content\/uploads\/2022\/11\/mayrek-as-pp.jpg\",\"contentUrl\":\"https:\/\/mayrek.com.tr\/wp-content\/uploads\/2022\/11\/mayrek-as-pp.jpg\",\"width\":2500,\"height\":2500,\"caption\":\"Mayrek Inc\"},\"image\":{\"@id\":\"https:\/\/mayrek.com.tr\/#\/schema\/logo\/image\/\"},\"sameAs\":[\"https:\/\/www.facebook.com\/mayrek.AS\/\",\"https:\/\/x.com\/mayrek_as\",\"https:\/\/www.instagram.com\/mayrek.as\/\",\"https:\/\/tr.pinterest.com\/mayrek_as\/_saved\/\",\"https:\/\/www.youtube.com\/channel\/UCZ2ra5yABCBAy9Ossn4edNw\",\"https:\/\/www.linkedin.com\/company\/mayrek-as\/\"]}]}<\/script>\n<!-- \/ Yoast SEO plugin. -->","yoast_head_json":{"title":"Our Brands - Mayrek Inc","description":"Discover our innovative brands in outdoor advertising, label & screen printing, modern lighting products, modern garden furniture and e-commerce sectors.","robots":{"index":"index","follow":"follow","max-snippet":"max-snippet:-1","max-image-preview":"max-image-preview:large","max-video-preview":"max-video-preview:-1"},"canonical":"https:\/\/mayrek.com.tr\/en\/our-brands\/","og_locale":"en_US","og_type":"article","og_title":"Our Brands - Mayrek Inc","og_description":"Discover our innovative brands in outdoor advertising, label & screen printing, modern lighting products, modern garden furniture and e-commerce sectors.","og_url":"https:\/\/mayrek.com.tr\/en\/our-brands\/","og_site_name":"Mayrek Inc","article_publisher":"https:\/\/www.facebook.com\/mayrek.AS\/","article_modified_time":"2023-01-16T16:16:19+00:00","twitter_card":"summary_large_image","twitter_site":"@mayrek_as","twitter_misc":{"Est. reading time":"5 minutes"},"schema":{"@context":"https:\/\/schema.org","@graph":[{"@type":"WebPage","@id":"https:\/\/mayrek.com.tr\/en\/our-brands\/","url":"https:\/\/mayrek.com.tr\/en\/our-brands\/","name":"Our Brands - Mayrek Inc","isPartOf":{"@id":"https:\/\/mayrek.com.tr\/#website"},"datePublished":"2022-10-16T07:55:21+00:00","dateModified":"2023-01-16T16:16:19+00:00","description":"Discover our innovative brands in outdoor advertising, label & screen printing, modern lighting products, modern garden furniture and e-commerce sectors.","breadcrumb":{"@id":"https:\/\/mayrek.com.tr\/en\/our-brands\/#breadcrumb"},"inLanguage":"en-US","potentialAction":[{"@type":"ReadAction","target":["https:\/\/mayrek.com.tr\/en\/our-brands\/"]}]},{"@type":"BreadcrumbList","@id":"https:\/\/mayrek.com.tr\/en\/our-brands\/#breadcrumb","itemListElement":[{"@type":"ListItem","position":1,"name":"Anasayfa","item":"https:\/\/mayrek.com.tr\/en\/"},{"@type":"ListItem","position":2,"name":"Our Brands"}]},{"@type":"WebSite","@id":"https:\/\/mayrek.com.tr\/#website","url":"https:\/\/mayrek.com.tr\/","name":"Mayrek Inc","description":"\u0130zmir Outdoor Advertising Services","publisher":{"@id":"https:\/\/mayrek.com.tr\/#organization"},"potentialAction":[{"@type":"SearchAction","target":{"@type":"EntryPoint","urlTemplate":"https:\/\/mayrek.com.tr\/?s={search_term_string}"},"query-input":{"@type":"PropertyValueSpecification","valueRequired":true,"valueName":"search_term_string"}}],"inLanguage":"en-US"},{"@type":"Organization","@id":"https:\/\/mayrek.com.tr\/#organization","name":"Mayrek Inc","url":"https:\/\/mayrek.com.tr\/","logo":{"@type":"ImageObject","inLanguage":"en-US","@id":"https:\/\/mayrek.com.tr\/#\/schema\/logo\/image\/","url":"https:\/\/mayrek.com.tr\/wp-content\/uploads\/2022\/11\/mayrek-as-pp.jpg","contentUrl":"https:\/\/mayrek.com.tr\/wp-content\/uploads\/2022\/11\/mayrek-as-pp.jpg","width":2500,"height":2500,"caption":"Mayrek Inc"},"image":{"@id":"https:\/\/mayrek.com.tr\/#\/schema\/logo\/image\/"},"sameAs":["https:\/\/www.facebook.com\/mayrek.AS\/","https:\/\/x.com\/mayrek_as","https:\/\/www.instagram.com\/mayrek.as\/","https:\/\/tr.pinterest.com\/mayrek_as\/_saved\/","https:\/\/www.youtube.com\/channel\/UCZ2ra5yABCBAy9Ossn4edNw","https:\/\/www.linkedin.com\/company\/mayrek-as\/"]}]}},"_links":{"self":[{"href":"https:\/\/mayrek.com.tr\/en\/wp-json\/wp\/v2\/pages\/8201","targetHints":{"allow":["GET"]}}],"collection":[{"href":"https:\/\/mayrek.com.tr\/en\/wp-json\/wp\/v2\/pages"}],"about":[{"href":"https:\/\/mayrek.com.tr\/en\/wp-json\/wp\/v2\/types\/page"}],"author":[{"embeddable":true,"href":"https:\/\/mayrek.com.tr\/en\/wp-json\/wp\/v2\/users\/1"}],"replies":[{"embeddable":true,"href":"https:\/\/mayrek.com.tr\/en\/wp-json\/wp\/v2\/comments?post=8201"}],"version-history":[{"count":0,"href":"https:\/\/mayrek.com.tr\/en\/wp-json\/wp\/v2\/pages\/8201\/revisions"}],"wp:attachment":[{"href":"https:\/\/mayrek.com.tr\/en\/wp-json\/wp\/v2\/media?parent=8201"}],"curies":[{"name":"wp","href":"https:\/\/api.w.org\/{rel}","templated":true}]}}